{"id":450,"date":"2024-11-18T14:07:43","date_gmt":"2024-11-18T19:07:43","guid":{"rendered":"https:\/\/manoirstfrancis.ca\/?page_id=450"},"modified":"2024-11-18T14:15:34","modified_gmt":"2024-11-18T19:15:34","slug":"politique-de-temoins-cookies","status":"publish","type":"page","link":"https:\/\/manoirstfrancis.ca\/en\/politique-de-temoins-cookies\/","title":{"rendered":"Policy cookies"},"content":{"rendered":"<div data-elementor-type=\"wp-page\" data-elementor-id=\"450\" class=\"elementor elementor-450\" data-elementor-post-type=\"page\">\n\t\t\t\t<div class=\"elementor-element elementor-element-13ceba83 e-flex e-con-boxed e-con e-parent\" data-id=\"13ceba83\" data-element_type=\"container\">\n\t\t\t\t\t<div class=\"e-con-inner\">\n\t\t\t\t<div class=\"elementor-element elementor-element-8edc5a7 elementor-widget elementor-widget-heading\" data-id=\"8edc5a7\" data-element_type=\"widget\" data-widget_type=\"heading.default\">\n\t\t\t\t<div class=\"elementor-widget-container\">\n\t\t\t\t\t<h1 class=\"elementor-heading-title elementor-size-default\">Policy cookies<\/h1>\t\t\t\t<\/div>\n\t\t\t\t<\/div>\n\t\t\t\t<div class=\"elementor-element elementor-element-443bc59 elementor-widget-divider--view-line elementor-widget elementor-widget-divider\" data-id=\"443bc59\" data-element_type=\"widget\" data-widget_type=\"divider.default\">\n\t\t\t\t<div class=\"elementor-widget-container\">\n\t\t\t\t\t\t\t<div class=\"elementor-divider\">\n\t\t\t<span class=\"elementor-divider-separator\">\n\t\t\t\t\t\t<\/span>\n\t\t<\/div>\n\t\t\t\t\t\t<\/div>\n\t\t\t\t<\/div>\n\t\t\t\t<div class=\"elementor-element elementor-element-7648c0a elementor-widget elementor-widget-text-editor\" data-id=\"7648c0a\" data-element_type=\"widget\" data-widget_type=\"text-editor.default\">\n\t\t\t\t<div class=\"elementor-widget-container\">\n\t\t\t\t\t\t\t\t\t<p><style>\n    a.cky-banner-element {<br \/>\n        padding: 8px 30px;<br \/>\n        background: #F8F9FA;<br \/>\n        color: #858A8F;<br \/>\n        border: 1px solid #DEE2E6;<br \/>\n        box-sizing: border-box;<br \/>\n        border-radius: 2px;<br \/>\n        cursor: pointer;<br \/>\n}<br \/>\n<\/style><\/p><p>Last updated on November 18, 2024<br \/>Date of entry into force November 18, 2024<\/p><p>\u00a0<\/p><h5>What are cookies?<\/h5><div class=\"cookie-policy-p\"><p>This cookie policy explains what cookies are and how we use them, the types of cookies that we use, that is to say, the information we collect using cookies and how that information is used, and how to manage the cookie settings.<\/p><p>Cookies are small text files that are used to store small pieces of information. They are stored on your device when the website is loaded on your browser. These cookies help us to operate the website properly, to make it more secure, provide better user experience, to understand the performance of the website and to analyze what works and where it needs to be improved.<\/p><\/div><p>\u00a0<\/p><h5>How do we use cookies?<\/h5><div class=\"cookie-policy-p\"><p>Like most online services, our website uses first-party cookies and third-party for many purposes. First party cookies are mostly necessary for the proper functioning of the website and they do not collect any of your personally identifiable information.<\/p><p>Third-party cookies used on our website are primarily used to understand the performance of the website, how you interact with our Web site, to ensure the safety and security of our services, and to provide ads that interest you and, in all, to provide you with a user, a better and improved. Experience and help speed up your future interactions with our website.<\/p><\/div><p>\u00a0<\/p><h5>Types of cookies we use<\/h5><div class=\"cky-audit-table-element\">\u00a0<\/div><p>\u00a0<\/p><h5 style=\"margin-bottom: 20px;\">Manage cookie preferences<\/h5><p><a class=\"cky-banner-element\">Cookie settings<\/a> <\/p><div><p>You can change your preferences regarding cookies at any time by clicking on the button above. This will allow you to review the banner of consent to cookies and to change your preferences or withdraw your consent immediately.<\/p><p>Chrome: <a href=\"https:\/\/support.google.com\/accounts\/answer\/32050\" target=\"_blank\" rel=\"noopener\">https:\/\/support.google.com\/accounts\/answer\/32050<\/a><\/p><p>Safari: <a href=\"https:\/\/support.apple.com\/en-in\/guide\/safari\/sfri11471\/mac\" target=\"_blank\" rel=\"noopener\">https:\/\/support.apple.com\/en-in\/guide\/safari\/sfri11471\/mac<\/a><\/p><p>Firefox: <a href=\"https:\/\/support.mozilla.org\/en-US\/kb\/clear-cookies-and-site-data-firefox?redirectslug=delete-cookies-remove-info-websites-stored&amp;redirectlocale=en-US\" target=\"_blank\" rel=\"noopener\">https:\/\/support.mozilla.org\/en-US\/kb\/clear-cookies-and-site-data-firefox?redirectslug=delete-cookies-remove-info-websites-stored&amp;redirectlocale=en-US<\/a><\/p><p>Internet Explorer: <a href=\"https:\/\/support.microsoft.com\/en-us\/topic\/how-to-delete-cookie-files-in-internet-explorer-bca9446f-d873-78de-77ba-d42645fa52fc\" target=\"_blank\" rel=\"noopener\">https:\/\/support.microsoft.com\/en-us\/topic\/how-to-delete-cookie-files-in-internet-explorer-bca9446f-d873-78de-77ba-d42645fa52fc<\/a><\/p><p>If you use a different Web browser, please refer to the documents support the official of your browser.<\/p><\/div><p>\u00a0<\/p><p class=\"cookie-policy-p\">Cookie policy generated by <a href=\"https:\/\/www.cookieyes.com\/?utm_source=CP&amp;utm_medium=footer&amp;utm_campaign=UW\" target=\"_blank\" rel=\"noopener\">CookieYes \u2013 Cookie Policy Generator<\/a>.<\/p>\t\t\t\t\t\t\t\t<\/div>\n\t\t\t\t<\/div>\n\t\t\t\t\t<\/div>\n\t\t\t\t<\/div>\n\t\t\t\t<\/div>","protected":false},"excerpt":{"rendered":"<p>Politique de t\u00e9moins (cookies) Derni\u00e8re mise \u00e0 jour le 18 novembre 2024Date d\u2019entr\u00e9e en vigueur 18 novembre 2024 \u00a0 Que sont les cookies? Cette politique en mati\u00e8re de cookies explique ce que sont les cookies et comment nous les utilisons, les types de cookies que nous utilisons, c\u2019est-\u00e0-dire les informations que nous collectons \u00e0 l\u2019aide [&hellip;]<\/p>","protected":false},"author":1,"featured_media":0,"parent":0,"menu_order":0,"comment_status":"closed","ping_status":"closed","template":"","meta":{"footnotes":""},"class_list":["post-450","page","type-page","status-publish","hentry"],"_links":{"self":[{"href":"https:\/\/manoirstfrancis.ca\/en\/wp-json\/wp\/v2\/pages\/450","targetHints":{"allow":["GET"]}}],"collection":[{"href":"https:\/\/manoirstfrancis.ca\/en\/wp-json\/wp\/v2\/pages"}],"about":[{"href":"https:\/\/manoirstfrancis.ca\/en\/wp-json\/wp\/v2\/types\/page"}],"author":[{"embeddable":true,"href":"https:\/\/manoirstfrancis.ca\/en\/wp-json\/wp\/v2\/users\/1"}],"replies":[{"embeddable":true,"href":"https:\/\/manoirstfrancis.ca\/en\/wp-json\/wp\/v2\/comments?post=450"}],"version-history":[{"count":0,"href":"https:\/\/manoirstfrancis.ca\/en\/wp-json\/wp\/v2\/pages\/450\/revisions"}],"wp:attachment":[{"href":"https:\/\/manoirstfrancis.ca\/en\/wp-json\/wp\/v2\/media?parent=450"}],"curies":[{"name":"wp","href":"https:\/\/api.w.org\/{rel}","templated":true}]}}